{"id":1362,"date":"2025-06-19T08:48:58","date_gmt":"2025-06-19T08:48:58","guid":{"rendered":"https:\/\/xsterapias.com\/?page_id=1362"},"modified":"2025-06-19T08:52:59","modified_gmt":"2025-06-19T08:52:59","slug":"aviso-legal","status":"publish","type":"page","link":"https:\/\/xsterapias.com\/ca\/aviso-legal\/","title":{"rendered":"Av\u00eds legal"},"content":{"rendered":"<div data-elementor-type=\"wp-page\" data-elementor-id=\"1362\" class=\"elementor elementor-1362\">\n\t\t\t\t<div class=\"elementor-element elementor-element-a31ec17 e-flex e-con-boxed wpr-particle-no wpr-jarallax-no wpr-parallax-no wpr-sticky-section-no e-con e-parent\" data-id=\"a31ec17\" data-element_type=\"container\">\n\t\t\t\t\t<div class=\"e-con-inner\">\n\t\t\t\t<div class=\"elementor-element elementor-element-4a264f0 elementor-widget elementor-widget-heading\" data-id=\"4a264f0\" data-element_type=\"widget\" data-widget_type=\"heading.default\">\n\t\t\t\t<div class=\"elementor-widget-container\">\n\t\t\t\t\t<h4 class=\"elementor-heading-title elementor-size-default\">Av\u00eds legal<\/h4>\t\t\t\t<\/div>\n\t\t\t\t<\/div>\n\t\t\t\t\t<\/div>\n\t\t\t\t<\/div>\n\t\t<div class=\"elementor-element elementor-element-8c4b423 e-flex e-con-boxed wpr-particle-no wpr-jarallax-no wpr-parallax-no wpr-sticky-section-no e-con e-parent\" data-id=\"8c4b423\" data-element_type=\"container\">\n\t\t\t\t\t<div class=\"e-con-inner\">\n\t\t\t\t<div class=\"elementor-element elementor-element-5a90657 elementor-widget elementor-widget-text-editor\" data-id=\"5a90657\" data-element_type=\"widget\" data-widget_type=\"text-editor.default\">\n\t\t\t\t<div class=\"elementor-widget-container\">\n\t\t\t\t\t\t\t\t\t<h6>Condicions d\u2019\u00fas de la web<\/h6><p>Aquest lloc web cont\u00e9 nom\u00e9s informaci\u00f3 relacionada amb les activitats de Xavier Silvestre. Xavier Silvestre no es fa responsable de cap interrupci\u00f3 en l\u2019acc\u00e9s a aquest lloc web. L\u2019usuari del web es compromet a no utilitzar aquest o altres continguts d\u2019una manera contr\u00e0ria al que disposa la legislaci\u00f3 vigent.<\/p><h6>Propietat intel\u00b7lectual i industrial<\/h6><p>Per a la realitzaci\u00f3 de la web s\u2019han utilitzat algunes imatges d\u2019altres llocs web mitjan\u00e7ant cercadors d\u2019imatges (\u201cGoogle\u201d, \u201cYahoo\u201d). Preguem que, si l\u2019\u00fas d\u2019aquestes imatges no est\u00e0 perm\u00e8s o les imatges estan subjectes a Propietat Intel\u00b7lectual, ho comuniquin a Xavier Silvestre (apartat contacta).<\/p><p>Queden reservats tots els drets de Propietat Intel\u00b7lectual dels elements que integren el disseny gr\u00e0fic d\u2019aquesta p\u00e0gina web que no siguin els esmentats en l\u2019apartat anterior.<\/p><p>Xavier Silvestre \u00e9s el titular dels drets de propietat industrial derivats de l\u2019\u00fas del signe distintiu (\u201clogo\u201d) del \u201cweb site\u201d, aix\u00ed com del domini. Xavier Silvestre es reserva els drets de reproducci\u00f3, modificaci\u00f3, adaptaci\u00f3, comunicaci\u00f3 p\u00fablica, manteniment, correcci\u00f3 d\u2019errors, cessi\u00f3, venda, lloguer, pr\u00e9stec i\/o qualsevol altre dret de propietat intel\u00b7lectual que pugui aplicar-se sobre els continguts de la web. Qualsevol dels drets anteriors, independentment del mitj\u00e0 o la forma en qu\u00e8 es reprodueixin, requereix autoritzaci\u00f3 pr\u00e8via de Xavier Silvestre.<\/p><p>En cap cas, Xavier Silvestre es far\u00e0 responsable de les possibles infraccions que en mat\u00e8ria de propietat intel\u00b7lectual i industrial pugui cometre qualsevol usuari de la web de Xavier Silvestre.<\/p><h6>Continguts del \u201cweb site\u201d<\/h6><p>Xavier Silvestre es reserva el dret a modificar el contingut i els elements que integren la seva web, sense necessitat d\u2019av\u00eds previ, d\u2019acord amb l\u2019exercici dels seus serveis.<\/p><p>Xavier Silvestre posa a disposici\u00f3 dels usuaris un grup de professionals encarregats d\u2019actualitzar i revisar la veracitat i la integritat del contingut de les informacions que apareixen a la web. Tot i aix\u00f2, atesa la naturalesa del mitj\u00e0 i els possibles riscos d\u2019interrupci\u00f3 del servei, alteraci\u00f3 d\u2019acc\u00e9s o dels continguts del web per part de tercers, Xavier Silvestre exclou qualsevol responsabilitat que pugui sorgir dels continguts que apareixen a la seva web.<\/p><h6>Galetes (\u201ccookies\u201d)<\/h6><p>No s\u2019instal\u00b7lar\u00e0 cap galeta als equips dels usuaris que no siguin clients.<\/p><h6>Comunicacions comercials via correu electr\u00f2nic<\/h6><p>Les \u00faniques comunicacions comercials que es realitzin per correu electr\u00f2nic seran aquelles que hagin estat consentides o autoritzades expressament pels destinataris conforme a la Llei 34\/2002, de 11 de juliol, de Serveis de la Societat de la Informaci\u00f3 i de Comer\u00e7 Electr\u00f2nic<\/p>\t\t\t\t\t\t\t\t<\/div>\n\t\t\t\t<\/div>\n\t\t\t\t\t<\/div>\n\t\t\t\t<\/div>\n\t\t\t\t<\/div>","protected":false},"excerpt":{"rendered":"<p>Aviso Legal Condiciones de utilizaci\u00f3n de la web Esta web contiene s\u00f3lo informaci\u00f3n relacionada con las actividades de Xavier Silvestre. Xavier Silvestre no se hace responsable de ninguna interrupci\u00f3n en el acceso a este sitio web. El usuario de la web se compromete a no utilizar este u otros contenidos de manera contraria a lo dispuesto por la legislaci\u00f3n vigente. Propiedad intelectual e industrial Para la realizaci\u00f3n de la web se han utilizado algunas im\u00e1genes de otros sitios web mediante buscadores de im\u00e1genes (\u00abgoogle\u00bb, \u00abyahoo\u00bb). Rogamos que si el uso de estas im\u00e1genes no est\u00e1 permitido o las im\u00e1genes est\u00e1n sujetas a Propiedad Intelectual lo comuniquen a Xavier Silvestre (apartado contacta). Quedan reservados todos los derechos de Propiedad Intelectual de los elementos que integran el dise\u00f1o gr\u00e1fico de esta p\u00e1gina web que no sean los mencionados en el apartado anterior. Xavier Silvestre es el titular de los derechos de propiedad industrial derivados del uso del signo distintivo (\u00ablogo\u00bb) del \u00abweb site\u00bb, as\u00ed como del dominio. Xavier Silvestre se reserva los derechos de reproducci\u00f3n, modificaci\u00f3n, adaptaci\u00f3n, comunicaci\u00f3n p\u00fablica, mantenimiento, correcci\u00f3n de errores, cesi\u00f3n, venta, alquiler, pr\u00e9stamo y\/o cualquier otro derecho de propiedad intelectual que pueda aplicarse sobre los contenidos de la web. Cualquiera de los derechos anteriores, independientemente del medio o la forma en los que se reproduzcan, requiere autorizaci\u00f3n previa de Xavier Silvestre. En ning\u00fan caso, Xavier Silvestre se har\u00e1 responsable de las posibles infracciones que en materia de propiedad intelectual e industrial pudiera cometer cualquier usuario de la web de Xavier Silvestre. Contenidos del \u201cweb site\u201d Xavier Silvestre se reserva el derecho a modificar el contenido y los elementos que integran su web, sin necesidad de previo aviso, de acuerdo con el ejercicio de sus servicios. Xavier Silvestre pone a disposici\u00f3n de los usuarios un grupo de profesionales encargados de actualizar y revisar la veracidad y la integridad del contenido de las informaciones que aparecen en la web. A\u00fan as\u00ed, dada la naturaleza del medio y los posibles riesgos de interrupci\u00f3n del servicio, alteraci\u00f3n de acceso o de los contenidos del web por parte de terceros, Xavier Silvestre excluye cualquier responsabilidad que pudiera surgir de los contenidos que aparecen en su web. Galletas (\u201ccookies\u201d) No se instalar\u00e1 ninguna galleta en los equipos de los usuarios que no sean clientes. Comunicacionse comerciales v\u00eda correo electr\u00f3nico Las \u00fanicas comunicaciones comerciales que se realicen por correo electr\u00f3nico ser\u00e1n aquellas que hayan sido consentidas o autorizadas expresamente por los destinatarios conforme a la Ley 34\/2002, de 11 de julio, de Servicios de la Sociedad de la Informaci\u00f3n y de Comercio Electr\u00f3nico.<\/p>","protected":false},"author":1,"featured_media":0,"parent":0,"menu_order":0,"comment_status":"closed","ping_status":"closed","template":"","meta":{"site-sidebar-layout":"no-sidebar","site-content-layout":"","ast-site-content-layout":"full-width-container","site-content-style":"default","site-sidebar-style":"default","ast-global-header-display":"","ast-banner-title-visibility":"","ast-main-header-display":"","ast-hfb-above-header-display":"","ast-hfb-below-header-display":"","ast-hfb-mobile-header-display":"","site-post-title":"disabled","ast-breadcrumbs-content":"","ast-featured-img":"disabled","footer-sml-layout":"","theme-transparent-header-meta":"","adv-header-id-meta":"","stick-header-meta":"","header-above-stick-meta":"","header-main-stick-meta":"","header-below-stick-meta":"","astra-migrate-meta-layouts":"default","ast-page-background-enabled":"default","ast-page-background-meta":{"desktop":{"background-color":"var(--ast-global-color-4)","background-image":"","background-repeat":"repeat","background-position":"center center","background-size":"auto","background-attachment":"scroll","background-type":"","background-media":"","overlay-type":"","overlay-color":"","overlay-opacity":"","overlay-gradient":""},"tablet":{"background-color":"","background-image":"","background-repeat":"repeat","background-position":"center center","background-size":"auto","background-attachment":"scroll","background-type":"","background-media":"","overlay-type":"","overlay-color":"","overlay-opacity":"","overlay-gradient":""},"mobile":{"background-color":"","background-image":"","background-repeat":"repeat","background-position":"center center","background-size":"auto","background-attachment":"scroll","background-type":"","background-media":"","overlay-type":"","overlay-color":"","overlay-opacity":"","overlay-gradient":""}},"ast-content-background-meta":{"desktop":{"background-color":"var(--ast-global-color-5)","background-image":"","background-repeat":"repeat","background-position":"center center","background-size":"auto","background-attachment":"scroll","background-type":"","background-media":"","overlay-type":"","overlay-color":"","overlay-opacity":"","overlay-gradient":""},"tablet":{"background-color":"var(--ast-global-color-5)","background-image":"","background-repeat":"repeat","background-position":"center center","background-size":"auto","background-attachment":"scroll","background-type":"","background-media":"","overlay-type":"","overlay-color":"","overlay-opacity":"","overlay-gradient":""},"mobile":{"background-color":"var(--ast-global-color-5)","background-image":"","background-repeat":"repeat","background-position":"center center","background-size":"auto","background-attachment":"scroll","background-type":"","background-media":"","overlay-type":"","overlay-color":"","overlay-opacity":"","overlay-gradient":""}},"_joinchat":[],"footnotes":""},"class_list":["post-1362","page","type-page","status-publish","hentry"],"yoast_head":"<!-- This site is optimized with the Yoast SEO plugin v26.2 - https:\/\/yoast.com\/wordpress\/plugins\/seo\/ -->\n<title>Aviso Legal - Xavier Silvestre<\/title>\n<meta name=\"robots\" content=\"index, follow, max-snippet:-1, max-image-preview:large, max-video-preview:-1\" \/>\n<link rel=\"canonical\" href=\"https:\/\/xsterapias.com\/ca\/aviso-legal\/\" \/>\n<meta property=\"og:locale\" content=\"ca_ES\" \/>\n<meta property=\"og:type\" content=\"article\" \/>\n<meta property=\"og:title\" content=\"Aviso Legal - Xavier Silvestre\" \/>\n<meta property=\"og:description\" content=\"Aviso Legal Condiciones de utilizaci\u00f3n de la web Esta web contiene s\u00f3lo informaci\u00f3n relacionada con las actividades de Xavier Silvestre. Xavier Silvestre no se hace responsable de ninguna interrupci\u00f3n en el acceso a este sitio web. El usuario de la web se compromete a no utilizar este u otros contenidos de manera contraria a lo dispuesto por la legislaci\u00f3n vigente. Propiedad intelectual e industrial Para la realizaci\u00f3n de la web se han utilizado algunas im\u00e1genes de otros sitios web mediante buscadores de im\u00e1genes (\u00abgoogle\u00bb, \u00abyahoo\u00bb). Rogamos que si el uso de estas im\u00e1genes no est\u00e1 permitido o las im\u00e1genes est\u00e1n sujetas a Propiedad Intelectual lo comuniquen a Xavier Silvestre (apartado contacta). Quedan reservados todos los derechos de Propiedad Intelectual de los elementos que integran el dise\u00f1o gr\u00e1fico de esta p\u00e1gina web que no sean los mencionados en el apartado anterior. Xavier Silvestre es el titular de los derechos de propiedad industrial derivados del uso del signo distintivo (\u00ablogo\u00bb) del \u00abweb site\u00bb, as\u00ed como del dominio. Xavier Silvestre se reserva los derechos de reproducci\u00f3n, modificaci\u00f3n, adaptaci\u00f3n, comunicaci\u00f3n p\u00fablica, mantenimiento, correcci\u00f3n de errores, cesi\u00f3n, venta, alquiler, pr\u00e9stamo y\/o cualquier otro derecho de propiedad intelectual que pueda aplicarse sobre los contenidos de la web. Cualquiera de los derechos anteriores, independientemente del medio o la forma en los que se reproduzcan, requiere autorizaci\u00f3n previa de Xavier Silvestre. En ning\u00fan caso, Xavier Silvestre se har\u00e1 responsable de las posibles infracciones que en materia de propiedad intelectual e industrial pudiera cometer cualquier usuario de la web de Xavier Silvestre. Contenidos del \u201cweb site\u201d Xavier Silvestre se reserva el derecho a modificar el contenido y los elementos que integran su web, sin necesidad de previo aviso, de acuerdo con el ejercicio de sus servicios. Xavier Silvestre pone a disposici\u00f3n de los usuarios un grupo de profesionales encargados de actualizar y revisar la veracidad y la integridad del contenido de las informaciones que aparecen en la web. A\u00fan as\u00ed, dada la naturaleza del medio y los posibles riesgos de interrupci\u00f3n del servicio, alteraci\u00f3n de acceso o de los contenidos del web por parte de terceros, Xavier Silvestre excluye cualquier responsabilidad que pudiera surgir de los contenidos que aparecen en su web. Galletas (\u201ccookies\u201d) No se instalar\u00e1 ninguna galleta en los equipos de los usuarios que no sean clientes. Comunicacionse comerciales v\u00eda correo electr\u00f3nico Las \u00fanicas comunicaciones comerciales que se realicen por correo electr\u00f3nico ser\u00e1n aquellas que hayan sido consentidas o autorizadas expresamente por los destinatarios conforme a la Ley 34\/2002, de 11 de julio, de Servicios de la Sociedad de la Informaci\u00f3n y de Comercio Electr\u00f3nico.\" \/>\n<meta property=\"og:url\" content=\"https:\/\/xsterapias.com\/ca\/aviso-legal\/\" \/>\n<meta property=\"og:site_name\" content=\"Xavier Silvestre\" \/>\n<meta property=\"article:publisher\" content=\"https:\/\/www.facebook.com\/CosvitalenGironayBarcelona\" \/>\n<meta property=\"article:modified_time\" content=\"2025-06-19T08:52:59+00:00\" \/>\n<meta name=\"twitter:card\" content=\"summary_large_image\" \/>\n<meta name=\"twitter:label1\" content=\"Temps estimat de lectura\" \/>\n\t<meta name=\"twitter:data1\" content=\"2 minuts\" \/>\n<script type=\"application\/ld+json\" class=\"yoast-schema-graph\">{\"@context\":\"https:\/\/schema.org\",\"@graph\":[{\"@type\":\"WebPage\",\"@id\":\"https:\/\/xsterapias.com\/aviso-legal\/\",\"url\":\"https:\/\/xsterapias.com\/aviso-legal\/\",\"name\":\"Aviso Legal - Xavier Silvestre\",\"isPartOf\":{\"@id\":\"https:\/\/xsterapias.com\/#website\"},\"datePublished\":\"2025-06-19T08:48:58+00:00\",\"dateModified\":\"2025-06-19T08:52:59+00:00\",\"breadcrumb\":{\"@id\":\"https:\/\/xsterapias.com\/aviso-legal\/#breadcrumb\"},\"inLanguage\":\"ca\",\"potentialAction\":[{\"@type\":\"ReadAction\",\"target\":[\"https:\/\/xsterapias.com\/aviso-legal\/\"]}]},{\"@type\":\"BreadcrumbList\",\"@id\":\"https:\/\/xsterapias.com\/aviso-legal\/#breadcrumb\",\"itemListElement\":[{\"@type\":\"ListItem\",\"position\":1,\"name\":\"Portada\",\"item\":\"https:\/\/xsterapias.com\/\"},{\"@type\":\"ListItem\",\"position\":2,\"name\":\"Aviso Legal\"}]},{\"@type\":\"WebSite\",\"@id\":\"https:\/\/xsterapias.com\/#website\",\"url\":\"https:\/\/xsterapias.com\/\",\"name\":\"Xavier Silvestre\",\"description\":\"Terapies hol&iacute;stiques\",\"potentialAction\":[{\"@type\":\"SearchAction\",\"target\":{\"@type\":\"EntryPoint\",\"urlTemplate\":\"https:\/\/xsterapias.com\/?s={search_term_string}\"},\"query-input\":{\"@type\":\"PropertyValueSpecification\",\"valueRequired\":true,\"valueName\":\"search_term_string\"}}],\"inLanguage\":\"ca\"}]}<\/script>\n<!-- \/ Yoast SEO plugin. -->","yoast_head_json":{"title":"Aviso Legal - Xavier Silvestre","robots":{"index":"index","follow":"follow","max-snippet":"max-snippet:-1","max-image-preview":"max-image-preview:large","max-video-preview":"max-video-preview:-1"},"canonical":"https:\/\/xsterapias.com\/ca\/aviso-legal\/","og_locale":"ca_ES","og_type":"article","og_title":"Aviso Legal - Xavier Silvestre","og_description":"Aviso Legal Condiciones de utilizaci\u00f3n de la web Esta web contiene s\u00f3lo informaci\u00f3n relacionada con las actividades de Xavier Silvestre. Xavier Silvestre no se hace responsable de ninguna interrupci\u00f3n en el acceso a este sitio web. El usuario de la web se compromete a no utilizar este u otros contenidos de manera contraria a lo dispuesto por la legislaci\u00f3n vigente. Propiedad intelectual e industrial Para la realizaci\u00f3n de la web se han utilizado algunas im\u00e1genes de otros sitios web mediante buscadores de im\u00e1genes (\u00abgoogle\u00bb, \u00abyahoo\u00bb). Rogamos que si el uso de estas im\u00e1genes no est\u00e1 permitido o las im\u00e1genes est\u00e1n sujetas a Propiedad Intelectual lo comuniquen a Xavier Silvestre (apartado contacta). Quedan reservados todos los derechos de Propiedad Intelectual de los elementos que integran el dise\u00f1o gr\u00e1fico de esta p\u00e1gina web que no sean los mencionados en el apartado anterior. Xavier Silvestre es el titular de los derechos de propiedad industrial derivados del uso del signo distintivo (\u00ablogo\u00bb) del \u00abweb site\u00bb, as\u00ed como del dominio. Xavier Silvestre se reserva los derechos de reproducci\u00f3n, modificaci\u00f3n, adaptaci\u00f3n, comunicaci\u00f3n p\u00fablica, mantenimiento, correcci\u00f3n de errores, cesi\u00f3n, venta, alquiler, pr\u00e9stamo y\/o cualquier otro derecho de propiedad intelectual que pueda aplicarse sobre los contenidos de la web. Cualquiera de los derechos anteriores, independientemente del medio o la forma en los que se reproduzcan, requiere autorizaci\u00f3n previa de Xavier Silvestre. En ning\u00fan caso, Xavier Silvestre se har\u00e1 responsable de las posibles infracciones que en materia de propiedad intelectual e industrial pudiera cometer cualquier usuario de la web de Xavier Silvestre. Contenidos del \u201cweb site\u201d Xavier Silvestre se reserva el derecho a modificar el contenido y los elementos que integran su web, sin necesidad de previo aviso, de acuerdo con el ejercicio de sus servicios. Xavier Silvestre pone a disposici\u00f3n de los usuarios un grupo de profesionales encargados de actualizar y revisar la veracidad y la integridad del contenido de las informaciones que aparecen en la web. A\u00fan as\u00ed, dada la naturaleza del medio y los posibles riesgos de interrupci\u00f3n del servicio, alteraci\u00f3n de acceso o de los contenidos del web por parte de terceros, Xavier Silvestre excluye cualquier responsabilidad que pudiera surgir de los contenidos que aparecen en su web. Galletas (\u201ccookies\u201d) No se instalar\u00e1 ninguna galleta en los equipos de los usuarios que no sean clientes. Comunicacionse comerciales v\u00eda correo electr\u00f3nico Las \u00fanicas comunicaciones comerciales que se realicen por correo electr\u00f3nico ser\u00e1n aquellas que hayan sido consentidas o autorizadas expresamente por los destinatarios conforme a la Ley 34\/2002, de 11 de julio, de Servicios de la Sociedad de la Informaci\u00f3n y de Comercio Electr\u00f3nico.","og_url":"https:\/\/xsterapias.com\/ca\/aviso-legal\/","og_site_name":"Xavier Silvestre","article_publisher":"https:\/\/www.facebook.com\/CosvitalenGironayBarcelona","article_modified_time":"2025-06-19T08:52:59+00:00","twitter_card":"summary_large_image","twitter_misc":{"Temps estimat de lectura":"2 minuts"},"schema":{"@context":"https:\/\/schema.org","@graph":[{"@type":"WebPage","@id":"https:\/\/xsterapias.com\/aviso-legal\/","url":"https:\/\/xsterapias.com\/aviso-legal\/","name":"Aviso Legal - Xavier Silvestre","isPartOf":{"@id":"https:\/\/xsterapias.com\/#website"},"datePublished":"2025-06-19T08:48:58+00:00","dateModified":"2025-06-19T08:52:59+00:00","breadcrumb":{"@id":"https:\/\/xsterapias.com\/aviso-legal\/#breadcrumb"},"inLanguage":"ca","potentialAction":[{"@type":"ReadAction","target":["https:\/\/xsterapias.com\/aviso-legal\/"]}]},{"@type":"BreadcrumbList","@id":"https:\/\/xsterapias.com\/aviso-legal\/#breadcrumb","itemListElement":[{"@type":"ListItem","position":1,"name":"Portada","item":"https:\/\/xsterapias.com\/"},{"@type":"ListItem","position":2,"name":"Aviso Legal"}]},{"@type":"WebSite","@id":"https:\/\/xsterapias.com\/#website","url":"https:\/\/xsterapias.com\/","name":"Xavier Silvestre","description":"Terapies hol&iacute;stiques","potentialAction":[{"@type":"SearchAction","target":{"@type":"EntryPoint","urlTemplate":"https:\/\/xsterapias.com\/?s={search_term_string}"},"query-input":{"@type":"PropertyValueSpecification","valueRequired":true,"valueName":"search_term_string"}}],"inLanguage":"ca"}]}},"_links":{"self":[{"href":"https:\/\/xsterapias.com\/ca\/wp-json\/wp\/v2\/pages\/1362","targetHints":{"allow":["GET"]}}],"collection":[{"href":"https:\/\/xsterapias.com\/ca\/wp-json\/wp\/v2\/pages"}],"about":[{"href":"https:\/\/xsterapias.com\/ca\/wp-json\/wp\/v2\/types\/page"}],"author":[{"embeddable":true,"href":"https:\/\/xsterapias.com\/ca\/wp-json\/wp\/v2\/users\/1"}],"replies":[{"embeddable":true,"href":"https:\/\/xsterapias.com\/ca\/wp-json\/wp\/v2\/comments?post=1362"}],"version-history":[{"count":10,"href":"https:\/\/xsterapias.com\/ca\/wp-json\/wp\/v2\/pages\/1362\/revisions"}],"predecessor-version":[{"id":1373,"href":"https:\/\/xsterapias.com\/ca\/wp-json\/wp\/v2\/pages\/1362\/revisions\/1373"}],"wp:attachment":[{"href":"https:\/\/xsterapias.com\/ca\/wp-json\/wp\/v2\/media?parent=1362"}],"curies":[{"name":"wp","href":"https:\/\/api.w.org\/{rel}","templated":true}]}}